{"id":26,"date":"2024-02-27T10:28:27","date_gmt":"2024-02-27T09:28:27","guid":{"rendered":"https:\/\/talleresdemicar.es\/?page_id=26"},"modified":"2024-05-28T08:38:57","modified_gmt":"2024-05-28T06:38:57","slug":"servicios","status":"publish","type":"page","link":"https:\/\/talleresdemicar.es\/en\/servicios\/","title":{"rendered":"Servicios"},"content":{"rendered":"<p>[et_pb_section fb_built=\u00bb1&#8243; custom_padding_last_edited=\u00bbon|phone\u00bb admin_label=\u00bbCABECERA\u00bb _builder_version=\u00bb4.23.4&#8243; _dynamic_attributes=\u00bbbackground_image\u00bb _module_preset=\u00bbdefault\u00bb background_color=\u00bb#4A4343&#8243; use_background_color_gradient=\u00bbon\u00bb background_color_gradient_stops=\u00bbrgba(74,67,67,0.8) 0%|rgba(74,67,67,0.8) 100%\u00bb background_color_gradient_overlays_image=\u00bbon\u00bb background_image=\u00bb@ET-DC@eyJkeW5hbWljIjp0cnVlLCJjb250ZW50IjoicG9zdF9mZWF0dXJlZF9pbWFnZSIsInNldHRpbmdzIjp7fX0=@\u00bb custom_margin=\u00bb0px||0px||false|false\u00bb custom_margin_tablet=\u00bb||100px||false|false\u00bb custom_margin_phone=\u00bb||90px||false|false\u00bb custom_margin_last_edited=\u00bboff|desktop\u00bb custom_padding=\u00bb300px||80px||false|false\u00bb custom_padding_tablet=\u00bb150px||64px||false|false\u00bb custom_padding_phone=\u00bb||40px||false|false\u00bb global_module=\u00bb188&#8243; saved_tabs=\u00bball\u00bb global_colors_info=\u00bb{}\u00bb][et_pb_row _builder_version=\u00bb4.21.0&#8243; _module_preset=\u00bbdefault\u00bb max_width=\u00bb980px\u00bb custom_margin=\u00bb0px||0px||false|false\u00bb custom_padding=\u00bb0px||0px||false|false\u00bb global_colors_info=\u00bb{}\u00bb][et_pb_column type=\u00bb4_4&#8243; _builder_version=\u00bb4.21.0&#8243; _module_preset=\u00bbdefault\u00bb global_colors_info=\u00bb{}\u00bb][et_pb_post_title meta=\u00bboff\u00bb featured_image=\u00bboff\u00bb text_color=\u00bblight\u00bb _builder_version=\u00bb4.23.4&#8243; _module_preset=\u00bbdefault\u00bb title_font=\u00bb|800|||||||\u00bb text_orientation=\u00bbcenter\u00bb global_colors_info=\u00bb{}\u00bb][\/et_pb_post_title][\/et_pb_column][\/et_pb_row][\/et_pb_section][et_pb_section fb_built=\u00bb1&#8243; _builder_version=\u00bb4.23.4&#8243; _module_preset=\u00bbdefault\u00bb custom_margin=\u00bb80px||120px||false|false\u00bb custom_margin_tablet=\u00bb64px||64px||false|false\u00bb custom_margin_phone=\u00bb40px||64px||false|false\u00bb custom_margin_last_edited=\u00bbon|phone\u00bb custom_padding=\u00bb0px||0px||false|false\u00bb global_colors_info=\u00bb{}\u00bb][et_pb_row _builder_version=\u00bb4.23.4&#8243; _module_preset=\u00bbdefault\u00bb max_width=\u00bb550px\u00bb custom_margin=\u00bb0px||64px||false|false\u00bb custom_padding=\u00bb0px||0px||false|false\u00bb global_colors_info=\u00bb{}\u00bb][et_pb_column type=\u00bb4_4&#8243; _builder_version=\u00bb4.23.4&#8243; _module_preset=\u00bbdefault\u00bb global_colors_info=\u00bb{}\u00bb][et_pb_text _builder_version=\u00bb4.23.4&#8243; _module_preset=\u00bbdefault\u00bb text_font=\u00bb|300||on|||||\u00bb text_text_color=\u00bb#E3021B\u00bb text_font_size=\u00bb1.2rem\u00bb text_orientation=\u00bbcenter\u00bb custom_margin=\u00bb0px||24px||false|false\u00bb custom_padding=\u00bb0px||0px||false|false\u00bb global_colors_info=\u00bb{}\u00bb]<\/p>\n<p>Servicios<\/p>\n<p>[\/et_pb_text][et_pb_text _builder_version=\u00bb4.23.4&#8243; _module_preset=\u00bbdefault\u00bb text_orientation=\u00bbcenter\u00bb global_colors_info=\u00bb{}\u00bb]<\/p>\n<h2 class=\"subtitle-h6\">Servicios del taller<\/h2>\n<p>Si est\u00e1s en busca de un taller mec\u00e1nico de confianza en Ourense, has llegado al lugar indicado. En nuestro taller nos especializamos en todo tipo de reparaciones y mantenimiento de coches, con un equipo de profesionales altamente capacitados y comprometidos con la satisfacci\u00f3n de nuestros clientes.<\/p>\n<p>[\/et_pb_text][\/et_pb_column][\/et_pb_row][et_pb_row column_structure=\u00bb1_6,1_6,1_6,1_6,1_6,1_6&#8243; _builder_version=\u00bb4.23.4&#8243; _module_preset=\u00bbdefault\u00bb custom_margin=\u00bb0px||24px||false|false\u00bb custom_padding=\u00bb0px||0px||false|false\u00bb global_colors_info=\u00bb{}\u00bb][et_pb_column type=\u00bb1_6&#8243; _builder_version=\u00bb4.21.0&#8243; _module_preset=\u00bbdefault\u00bb global_colors_info=\u00bb{}\u00bb][et_pb_blurb title=\u00bblimpieza integral de veh\u00edculos\u00bb image=\u00bbhttps:\/\/talleresdemicar.es\/wp-content\/uploads\/2024\/02\/icono-taller-reparacion-25.svg\u00bb _builder_version=\u00bb4.23.4&#8243; _module_preset=\u00bbdefault\u00bb header_level=\u00bbh3&#8243; header_font=\u00bb|300||on|||||\u00bb header_text_align=\u00bbcenter\u00bb header_text_color=\u00bb#4A4343&#8243; header_font_size=\u00bb1.2rem\u00bb custom_css_blurb_image=\u00bbmargin-bottom:15px;\u00bb global_colors_info=\u00bb{}\u00bb][\/et_pb_blurb][\/et_pb_column][et_pb_column type=\u00bb1_6&#8243; _builder_version=\u00bb4.23.4&#8243; _module_preset=\u00bbdefault\u00bb global_colors_info=\u00bb{}\u00bb][et_pb_blurb title=\u00bbpulido de chapa\u00bb image=\u00bbhttps:\/\/talleresdemicar.es\/wp-content\/uploads\/2024\/02\/icono-taller-reparacion-9.svg\u00bb _builder_version=\u00bb4.23.4&#8243; _module_preset=\u00bbdefault\u00bb header_level=\u00bbh3&#8243; header_font=\u00bb|300||on|||||\u00bb header_text_align=\u00bbcenter\u00bb header_text_color=\u00bb#4A4343&#8243; header_font_size=\u00bb1.2rem\u00bb custom_css_blurb_image=\u00bbmargin-bottom:15px;\u00bb global_colors_info=\u00bb{}\u00bb][\/et_pb_blurb][\/et_pb_column][et_pb_column type=\u00bb1_6&#8243; _builder_version=\u00bb4.23.4&#8243; _module_preset=\u00bbdefault\u00bb global_colors_info=\u00bb{}\u00bb][et_pb_blurb title=\u00bbMec\u00e1nica r\u00e1pida\u00bb image=\u00bbhttps:\/\/talleresdemicar.es\/wp-content\/uploads\/2024\/02\/icono-taller-reparacion.svg\u00bb _builder_version=\u00bb4.23.4&#8243; _module_preset=\u00bbdefault\u00bb header_level=\u00bbh3&#8243; header_font=\u00bb|300||on|||||\u00bb header_text_align=\u00bbcenter\u00bb header_text_color=\u00bb#4A4343&#8243; header_font_size=\u00bb1.2rem\u00bb custom_css_blurb_image=\u00bbmargin-bottom:15px;\u00bb global_colors_info=\u00bb{}\u00bb][\/et_pb_blurb][\/et_pb_column][et_pb_column type=\u00bb1_6&#8243; _builder_version=\u00bb4.23.4&#8243; _module_preset=\u00bbdefault\u00bb global_colors_info=\u00bb{}\u00bb][et_pb_blurb title=\u00bbrestauraci\u00f3n de pl\u00e1sticos\u00bb image=\u00bbhttps:\/\/talleresdemicar.es\/wp-content\/uploads\/2024\/02\/icono-taller-reparacion-29.svg\u00bb _builder_version=\u00bb4.23.4&#8243; _module_preset=\u00bbdefault\u00bb header_level=\u00bbh3&#8243; header_font=\u00bb|300||on|||||\u00bb header_text_align=\u00bbcenter\u00bb header_text_color=\u00bb#4A4343&#8243; header_font_size=\u00bb1.2rem\u00bb custom_css_blurb_image=\u00bbmargin-bottom:15px;\u00bb global_colors_info=\u00bb{}\u00bb][\/et_pb_blurb][\/et_pb_column][et_pb_column type=\u00bb1_6&#8243; _builder_version=\u00bb4.23.4&#8243; _module_preset=\u00bbdefault\u00bb global_colors_info=\u00bb{}\u00bb][et_pb_blurb title=\u00bbcambios de aceite y filtros\u00bb image=\u00bbhttps:\/\/talleresdemicar.es\/wp-content\/uploads\/2024\/02\/icono-taller-reparacion-45.svg\u00bb _builder_version=\u00bb4.23.4&#8243; _module_preset=\u00bbdefault\u00bb header_level=\u00bbh3&#8243; header_font=\u00bb|300||on|||||\u00bb header_text_align=\u00bbcenter\u00bb header_text_color=\u00bb#4A4343&#8243; header_font_size=\u00bb1.2rem\u00bb custom_css_blurb_image=\u00bbmargin-bottom:15px;\u00bb global_colors_info=\u00bb{}\u00bb][\/et_pb_blurb][\/et_pb_column][et_pb_column type=\u00bb1_6&#8243; _builder_version=\u00bb4.23.4&#8243; _module_preset=\u00bbdefault\u00bb global_colors_info=\u00bb{}\u00bb][et_pb_blurb title=\u00bblimpieza de tapicer\u00edas\u00bb image=\u00bbhttps:\/\/talleresdemicar.es\/wp-content\/uploads\/2024\/02\/icono-taller-reparacion-14.svg\u00bb _builder_version=\u00bb4.23.4&#8243; _module_preset=\u00bbdefault\u00bb header_level=\u00bbh3&#8243; header_font=\u00bb|300||on|||||\u00bb header_text_align=\u00bbcenter\u00bb header_text_color=\u00bb#4A4343&#8243; header_font_size=\u00bb1.2rem\u00bb custom_css_blurb_image=\u00bbmargin-bottom:15px;\u00bb global_colors_info=\u00bb{}\u00bb][\/et_pb_blurb][\/et_pb_column][\/et_pb_row][et_pb_row column_structure=\u00bb1_4,1_4,1_4,1_4&#8243; _builder_version=\u00bb4.23.4&#8243; _module_preset=\u00bbdefault\u00bb max_width=\u00bb980px\u00bb custom_margin=\u00bb0px||24px||false|false\u00bb custom_padding=\u00bb0px||0px||false|false\u00bb global_colors_info=\u00bb{}\u00bb][et_pb_column type=\u00bb1_4&#8243; _builder_version=\u00bb4.23.4&#8243; _module_preset=\u00bbdefault\u00bb global_colors_info=\u00bb{}\u00bb][et_pb_blurb title=\u00bbElectricidad\u00bb image=\u00bbhttps:\/\/talleresdemicar.es\/wp-content\/uploads\/2024\/02\/icono-taller-reparacion-38.svg\u00bb _builder_version=\u00bb4.23.4&#8243; _module_preset=\u00bbdefault\u00bb header_level=\u00bbh3&#8243; header_font=\u00bb|300||on|||||\u00bb header_text_align=\u00bbcenter\u00bb header_text_color=\u00bb#4A4343&#8243; header_font_size=\u00bb1.2rem\u00bb custom_css_blurb_image=\u00bbmargin-bottom:15px;\u00bb global_colors_info=\u00bb{}\u00bb][\/et_pb_blurb][\/et_pb_column][et_pb_column type=\u00bb1_4&#8243; _builder_version=\u00bb4.23.4&#8243; _module_preset=\u00bbdefault\u00bb global_colors_info=\u00bb{}\u00bb][et_pb_blurb title=\u00bbpulido de faros\u00bb image=\u00bbhttps:\/\/talleresdemicar.es\/wp-content\/uploads\/2024\/02\/icono-taller-reparacion-15.svg\u00bb _builder_version=\u00bb4.23.4&#8243; _module_preset=\u00bbdefault\u00bb header_level=\u00bbh3&#8243; header_font=\u00bb|300||on|||||\u00bb header_text_align=\u00bbcenter\u00bb header_text_color=\u00bb#4A4343&#8243; header_font_size=\u00bb1.2rem\u00bb custom_css_blurb_image=\u00bbmargin-bottom:15px;\u00bb global_colors_info=\u00bb{}\u00bb][\/et_pb_blurb][\/et_pb_column][et_pb_column type=\u00bb1_4&#8243; _builder_version=\u00bb4.23.4&#8243; _module_preset=\u00bbdefault\u00bb global_colors_info=\u00bb{}\u00bb][et_pb_blurb title=\u00bbdetallaje de interiores y exterior\u00bb image=\u00bbhttps:\/\/talleresdemicar.es\/wp-content\/uploads\/2024\/02\/icono-taller-reparacion-28.svg\u00bb _builder_version=\u00bb4.23.4&#8243; _module_preset=\u00bbdefault\u00bb header_level=\u00bbh3&#8243; header_font=\u00bb|300||on|||||\u00bb header_text_align=\u00bbcenter\u00bb header_text_color=\u00bb#4A4343&#8243; header_font_size=\u00bb1.2rem\u00bb custom_css_blurb_image=\u00bbmargin-bottom:15px;\u00bb global_colors_info=\u00bb{}\u00bb][\/et_pb_blurb][\/et_pb_column][et_pb_column type=\u00bb1_4&#8243; _builder_version=\u00bb4.23.4&#8243; _module_preset=\u00bbdefault\u00bb global_colors_info=\u00bb{}\u00bb][et_pb_blurb title=\u00bbMec\u00e1nica\u00bb image=\u00bbhttps:\/\/talleresdemicar.es\/wp-content\/uploads\/2024\/02\/icono-taller-reparacion-6.svg\u00bb _builder_version=\u00bb4.23.4&#8243; _module_preset=\u00bbdefault\u00bb header_level=\u00bbh3&#8243; header_font=\u00bb|300||on|||||\u00bb header_text_align=\u00bbcenter\u00bb header_text_color=\u00bb#4A4343&#8243; header_font_size=\u00bb1.2rem\u00bb custom_css_blurb_image=\u00bbmargin-bottom:15px;\u00bb global_colors_info=\u00bb{}\u00bb][\/et_pb_blurb][\/et_pb_column][\/et_pb_row][\/et_pb_section][et_pb_section fb_built=\u00bb1&#8243; _builder_version=\u00bb4.23.4&#8243; _module_preset=\u00bbdefault\u00bb custom_margin=\u00bb0px||0px||false|false\u00bb custom_padding=\u00bb0px||0px||false|false\u00bb global_module=\u00bb242&#8243; saved_tabs=\u00bball\u00bb global_colors_info=\u00bb{}\u00bb][et_pb_row column_structure=\u00bb1_2,1_2&#8243; make_equal=\u00bbon\u00bb _builder_version=\u00bb4.23.4&#8243; _module_preset=\u00bbdefault\u00bb background_color=\u00bbrgba(217,218,219,0.4)\u00bb width=\u00bb100%\u00bb max_width=\u00bb100%\u00bb custom_margin=\u00bb0px||0px||false|false\u00bb custom_padding=\u00bb0px||0px||false|false\u00bb global_colors_info=\u00bb{}\u00bb][et_pb_column type=\u00bb1_2&#8243; _builder_version=\u00bb4.23.4&#8243; _module_preset=\u00bbdefault\u00bb global_colors_info=\u00bb{}\u00bb][et_pb_image src=\u00bbhttps:\/\/talleresdemicar.es\/wp-content\/uploads\/2024\/02\/taller-coche-ourense.jpg\u00bb alt=\u00bbTaller de coche en San Cibrao\u00bb title_text=\u00bbtaller-coche-ourense\u00bb module_class=\u00bbimg-cover\u00bb _builder_version=\u00bb4.23.4&#8243; _module_preset=\u00bbdefault\u00bb global_colors_info=\u00bb{}\u00bb][\/et_pb_image][\/et_pb_column][et_pb_column type=\u00bb1_2&#8243; _builder_version=\u00bb4.23.4&#8243; _module_preset=\u00bbdefault\u00bb custom_padding=\u00bb2vw|15vw|2vw|2vw|true|false\u00bb custom_padding_tablet=\u00bb|5vw||5vw|true|true\u00bb custom_padding_phone=\u00bb|5vw||5vw|true|true\u00bb custom_padding_last_edited=\u00bbon|tablet\u00bb custom_css_main_element=\u00bbdisplay:flex;||flex-direction:column;||justify-content:center;\u00bb global_colors_info=\u00bb{}\u00bb][et_pb_text _builder_version=\u00bb4.23.4&#8243; _module_preset=\u00bbdefault\u00bb custom_margin=\u00bb0px||24px||false|false\u00bb custom_padding=\u00bb0px||0px||false|false\u00bb global_colors_info=\u00bb{}\u00bb]<\/p>\n<h2 class=\"subtitle-h6\">Contacto<\/h2>\n<p>\u00a1Conf\u00eda en nuestro taller mec\u00e1nico y deja tu coche en buenas manos! Cont\u00e1ctanos ahora para m\u00e1s informaci\u00f3n y concertar una cita.<\/p>\n<p>[\/et_pb_text][et_pb_code _builder_version=\u00bb4.23.4&#8243; _module_preset=\u00bbdefault\u00bb global_colors_info=\u00bb{}\u00bb]\n<div class=\"wpcf7 no-js\" id=\"wpcf7-f5-o1\" lang=\"es-ES\" dir=\"ltr\">\n<div class=\"screen-reader-response\"><p role=\"status\" aria-live=\"polite\" aria-atomic=\"true\"><\/p> <ul><\/ul><\/div>\n<form action=\"\/en\/wp-json\/wp\/v2\/pages\/26#wpcf7-f5-o1\" method=\"post\" class=\"wpcf7-form init\" aria-label=\"Formulario de contacto\" novalidate=\"novalidate\" data-status=\"init\" data-trp-original-action=\"\/en\/wp-json\/wp\/v2\/pages\/26#wpcf7-f5-o1\">\n<div style=\"display: none;\">\n<input type=\"hidden\" name=\"_wpcf7\" value=\"5\" \/>\n<input type=\"hidden\" name=\"_wpcf7_version\" value=\"5.8.6\" \/>\n<input type=\"hidden\" name=\"_wpcf7_locale\" value=\"es_ES\" \/>\n<input type=\"hidden\" name=\"_wpcf7_unit_tag\" value=\"wpcf7-f5-o1\" \/>\n<input type=\"hidden\" name=\"_wpcf7_container_post\" value=\"0\" \/>\n<input type=\"hidden\" name=\"_wpcf7_posted_data_hash\" value=\"\" \/>\n<\/div>\n<div class=\"wpcf7-response-output\" aria-hidden=\"true\"><\/div>\n<div class=\"row_inputs\">\n<fieldset class=\"col_inputs\"><label for=\"nombre\"><span class=\"wpcf7-form-control-wrap\" data-name=\"nombre\"><input size=\"40\" class=\"wpcf7-form-control wpcf7-text wpcf7-validates-as-required\" id=\"nombre\" aria-required=\"true\" aria-invalid=\"false\" placeholder=\"Nombre\" value=\"\" type=\"text\" name=\"nombre\" \/><\/span><\/label><\/fieldset>\n<\/div>\n\n<div class=\"row_inputs\">\n<fieldset class=\"col_inputs\"><label for=\"email\"><span class=\"wpcf7-form-control-wrap\" data-name=\"email\"><input size=\"40\" class=\"wpcf7-form-control wpcf7-email wpcf7-validates-as-required wpcf7-text wpcf7-validates-as-email\" id=\"email\" aria-required=\"true\" aria-invalid=\"false\" placeholder=\"Email\" value=\"\" type=\"email\" name=\"email\" \/><\/span><\/label><\/fieldset>\n<fieldset class=\"col_inputs\"><label for=\"telefono\"><span class=\"wpcf7-form-control-wrap\" data-name=\"telefono\"><input size=\"40\" class=\"wpcf7-form-control wpcf7-tel wpcf7-text wpcf7-validates-as-tel\" id=\"telefono\" aria-invalid=\"false\" placeholder=\"Tel\u00e9fono\" value=\"\" type=\"tel\" name=\"telefono\" \/><\/span><\/label><\/fieldset>\n<\/div>\n\n<div class=\"row_inputs\">\n<fieldset class=\"col_inputs\"><label for=\"mensaje\"><span class=\"wpcf7-form-control-wrap\" data-name=\"mensaje\"><textarea cols=\"40\" rows=\"4\" class=\"wpcf7-form-control wpcf7-textarea wpcf7-validates-as-required\" id=\"mensaje\" aria-required=\"true\" aria-invalid=\"false\" placeholder=\"Mensaje\" name=\"mensaje\"><\/textarea><\/span><\/label><\/fieldset>\n<\/div>\n\n<div class=\"row_inputs\">\n<fieldset class=\"col_inputs legal\"><label for=\"legal\"><span class=\"wpcf7-form-control-wrap\" data-name=\"legal\"><span class=\"wpcf7-form-control wpcf7-acceptance\"><span class=\"wpcf7-list-item\"><label><input type=\"checkbox\" name=\"legal\" value=\"1\" id=\"legal\" aria-invalid=\"false\" \/><span class=\"wpcf7-list-item-label\">He le\u00eddo y acepto el <strong><a target=\"_blank\" rel=\"nofollow noopener noreferrer\" href=\"https:\/\/talleresdemicar.es\/en\/aviso-legal\/\">Aviso Legal<\/a><\/strong> y la <strong><a target=\"_blank\" rel=\"nofollow noopener noreferrer\" href=\"https:\/\/talleresdemicar.es\/en\/politica-privacidad\/\">Pol\u00edtica de privacidad<\/a><\/strong><\/span><\/label><\/span><\/span><\/span><\/label><\/fieldset>\n<\/div>\n\n<div class=\"row_inputs\">\n<fieldset class=\"col_inputs\"><input class=\"wpcf7-form-control wpcf7-submit has-spinner\" type=\"submit\" value=\"Enviar\" \/><\/fieldset>\n<\/div>\n<input type=\"hidden\" name=\"trp-form-language\" value=\"en\"\/><\/form>\n<\/div>\n[\/et_pb_code][\/et_pb_column][\/et_pb_row][\/et_pb_section]<\/p>","protected":false},"excerpt":{"rendered":"<p>ServiciosServicios del taller Si est\u00e1s en busca de un taller mec\u00e1nico de confianza en Ourense, has llegado al lugar indicado. En nuestro taller nos especializamos en todo tipo de reparaciones y mantenimiento de coches, con un equipo de profesionales altamente capacitados y comprometidos con la satisfacci\u00f3n de nuestros clientes.Contacto \u00a1Conf\u00eda en nuestro taller mec\u00e1nico y [&hellip;]<\/p>","protected":false},"author":1,"featured_media":222,"parent":0,"menu_order":0,"comment_status":"closed","ping_status":"closed","template":"","meta":{"_et_pb_use_builder":"on","_et_pb_old_content":"","_et_gb_content_width":"","footnotes":""},"class_list":["post-26","page","type-page","status-publish","has-post-thumbnail","hentry"],"yoast_head":"<!-- This site is optimized with the Yoast SEO plugin v21.8.1 - https:\/\/yoast.com\/wordpress\/plugins\/seo\/ -->\n<title>Limpieza de veh\u00edculos en Ourense - Talleres Demicar<\/title>\n<meta name=\"description\" content=\"En nuestro taller nos especializamos en la limpieza ecol\u00f3gica de veh\u00edculos, entre otros. Contamos con un equipo de profesionales altamente capacitados.\" \/>\n<meta name=\"robots\" content=\"index, follow, max-snippet:-1, max-image-preview:large, max-video-preview:-1\" \/>\n<link rel=\"canonical\" href=\"https:\/\/talleresdemicar.es\/en\/servicios\/\" \/>\n<meta property=\"og:locale\" content=\"en_US\" \/>\n<meta property=\"og:type\" content=\"article\" \/>\n<meta property=\"og:title\" content=\"Limpieza de veh\u00edculos en Ourense - Talleres Demicar\" \/>\n<meta property=\"og:description\" content=\"En nuestro taller nos especializamos en la limpieza ecol\u00f3gica de veh\u00edculos, entre otros. Contamos con un equipo de profesionales altamente capacitados.\" \/>\n<meta property=\"og:url\" content=\"https:\/\/talleresdemicar.es\/en\/servicios\/\" \/>\n<meta property=\"og:site_name\" content=\"Talleres demicar\" \/>\n<meta property=\"article:modified_time\" content=\"2024-05-28T06:38:57+00:00\" \/>\n<meta property=\"og:image\" content=\"https:\/\/talleresdemicar.es\/wp-content\/uploads\/2024\/02\/taller-demicar-ourense-servicios-reparacion-01.jpg\" \/>\n\t<meta property=\"og:image:width\" content=\"1920\" \/>\n\t<meta property=\"og:image:height\" content=\"650\" \/>\n\t<meta property=\"og:image:type\" content=\"image\/jpeg\" \/>\n<meta name=\"twitter:card\" content=\"summary_large_image\" \/>\n<meta name=\"twitter:label1\" content=\"Est. reading time\" \/>\n\t<meta name=\"twitter:data1\" content=\"3 minutes\" \/>\n<script type=\"application\/ld+json\" class=\"yoast-schema-graph\">{\"@context\":\"https:\/\/schema.org\",\"@graph\":[{\"@type\":\"WebPage\",\"@id\":\"https:\/\/talleresdemicar.es\/servicios\/\",\"url\":\"https:\/\/talleresdemicar.es\/servicios\/\",\"name\":\"Limpieza de veh\u00edculos en Ourense - Talleres Demicar\",\"isPartOf\":{\"@id\":\"https:\/\/talleresdemicar.es\/#website\"},\"datePublished\":\"2024-02-27T09:28:27+00:00\",\"dateModified\":\"2024-05-28T06:38:57+00:00\",\"description\":\"En nuestro taller nos especializamos en la limpieza ecol\u00f3gica de veh\u00edculos, entre otros. Contamos con un equipo de profesionales altamente capacitados.\",\"breadcrumb\":{\"@id\":\"https:\/\/talleresdemicar.es\/servicios\/#breadcrumb\"},\"inLanguage\":\"en-US\",\"potentialAction\":[{\"@type\":\"ReadAction\",\"target\":[\"https:\/\/talleresdemicar.es\/servicios\/\"]}]},{\"@type\":\"BreadcrumbList\",\"@id\":\"https:\/\/talleresdemicar.es\/servicios\/#breadcrumb\",\"itemListElement\":[{\"@type\":\"ListItem\",\"position\":1,\"name\":\"Portada\",\"item\":\"https:\/\/talleresdemicar.es\/\"},{\"@type\":\"ListItem\",\"position\":2,\"name\":\"Servicios\"}]},{\"@type\":\"WebSite\",\"@id\":\"https:\/\/talleresdemicar.es\/#website\",\"url\":\"https:\/\/talleresdemicar.es\/\",\"name\":\"Talleres demicar\",\"description\":\"\",\"potentialAction\":[{\"@type\":\"SearchAction\",\"target\":{\"@type\":\"EntryPoint\",\"urlTemplate\":\"https:\/\/talleresdemicar.es\/?s={search_term_string}\"},\"query-input\":\"required name=search_term_string\"}],\"inLanguage\":\"en-US\"}]}<\/script>\n<!-- \/ Yoast SEO plugin. -->","yoast_head_json":{"title":"Limpieza de veh\u00edculos en Ourense - Talleres Demicar","description":"En nuestro taller nos especializamos en la limpieza ecol\u00f3gica de veh\u00edculos, entre otros. Contamos con un equipo de profesionales altamente capacitados.","robots":{"index":"index","follow":"follow","max-snippet":"max-snippet:-1","max-image-preview":"max-image-preview:large","max-video-preview":"max-video-preview:-1"},"canonical":"https:\/\/talleresdemicar.es\/en\/servicios\/","og_locale":"en_US","og_type":"article","og_title":"Limpieza de veh\u00edculos en Ourense - Talleres Demicar","og_description":"En nuestro taller nos especializamos en la limpieza ecol\u00f3gica de veh\u00edculos, entre otros. Contamos con un equipo de profesionales altamente capacitados.","og_url":"https:\/\/talleresdemicar.es\/en\/servicios\/","og_site_name":"Talleres demicar","article_modified_time":"2024-05-28T06:38:57+00:00","og_image":[{"width":1920,"height":650,"url":"https:\/\/talleresdemicar.es\/wp-content\/uploads\/2024\/02\/taller-demicar-ourense-servicios-reparacion-01.jpg","type":"image\/jpeg"}],"twitter_card":"summary_large_image","twitter_misc":{"Est. reading time":"3 minutes"},"schema":{"@context":"https:\/\/schema.org","@graph":[{"@type":"WebPage","@id":"https:\/\/talleresdemicar.es\/servicios\/","url":"https:\/\/talleresdemicar.es\/servicios\/","name":"Limpieza de veh\u00edculos en Ourense - Talleres Demicar","isPartOf":{"@id":"https:\/\/talleresdemicar.es\/#website"},"datePublished":"2024-02-27T09:28:27+00:00","dateModified":"2024-05-28T06:38:57+00:00","description":"En nuestro taller nos especializamos en la limpieza ecol\u00f3gica de veh\u00edculos, entre otros. Contamos con un equipo de profesionales altamente capacitados.","breadcrumb":{"@id":"https:\/\/talleresdemicar.es\/servicios\/#breadcrumb"},"inLanguage":"en-US","potentialAction":[{"@type":"ReadAction","target":["https:\/\/talleresdemicar.es\/servicios\/"]}]},{"@type":"BreadcrumbList","@id":"https:\/\/talleresdemicar.es\/servicios\/#breadcrumb","itemListElement":[{"@type":"ListItem","position":1,"name":"Portada","item":"https:\/\/talleresdemicar.es\/"},{"@type":"ListItem","position":2,"name":"Servicios"}]},{"@type":"WebSite","@id":"https:\/\/talleresdemicar.es\/#website","url":"https:\/\/talleresdemicar.es\/","name":"Talleres demicar","description":"","potentialAction":[{"@type":"SearchAction","target":{"@type":"EntryPoint","urlTemplate":"https:\/\/talleresdemicar.es\/?s={search_term_string}"},"query-input":"required name=search_term_string"}],"inLanguage":"en-US"}]}},"_links":{"self":[{"href":"https:\/\/talleresdemicar.es\/en\/wp-json\/wp\/v2\/pages\/26","targetHints":{"allow":["GET"]}}],"collection":[{"href":"https:\/\/talleresdemicar.es\/en\/wp-json\/wp\/v2\/pages"}],"about":[{"href":"https:\/\/talleresdemicar.es\/en\/wp-json\/wp\/v2\/types\/page"}],"author":[{"embeddable":true,"href":"https:\/\/talleresdemicar.es\/en\/wp-json\/wp\/v2\/users\/1"}],"replies":[{"embeddable":true,"href":"https:\/\/talleresdemicar.es\/en\/wp-json\/wp\/v2\/comments?post=26"}],"version-history":[{"count":12,"href":"https:\/\/talleresdemicar.es\/en\/wp-json\/wp\/v2\/pages\/26\/revisions"}],"predecessor-version":[{"id":347,"href":"https:\/\/talleresdemicar.es\/en\/wp-json\/wp\/v2\/pages\/26\/revisions\/347"}],"wp:featuredmedia":[{"embeddable":true,"href":"https:\/\/talleresdemicar.es\/en\/wp-json\/wp\/v2\/media\/222"}],"wp:attachment":[{"href":"https:\/\/talleresdemicar.es\/en\/wp-json\/wp\/v2\/media?parent=26"}],"curies":[{"name":"wp","href":"https:\/\/api.w.org\/{rel}","templated":true}]}}