{"id":27,"date":"2024-02-27T10:28:27","date_gmt":"2024-02-27T09:28:27","guid":{"rendered":"https:\/\/talleresdemicar.es\/?page_id=27"},"modified":"2024-02-27T10:28:27","modified_gmt":"2024-02-27T09:28:27","slug":"empresa","status":"publish","type":"page","link":"https:\/\/talleresdemicar.es\/en\/empresa\/","title":{"rendered":"Empresa"},"content":{"rendered":"<p>[et_pb_section fb_built=\u00bb1&#8243; custom_padding_last_edited=\u00bbon|phone\u00bb admin_label=\u00bbCABECERA\u00bb _builder_version=\u00bb4.23.4&#8243; _dynamic_attributes=\u00bbbackground_image\u00bb _module_preset=\u00bbdefault\u00bb background_color=\u00bb#4A4343&#8243; use_background_color_gradient=\u00bbon\u00bb background_color_gradient_stops=\u00bbrgba(74,67,67,0.8) 0%|rgba(74,67,67,0.8) 100%\u00bb background_color_gradient_overlays_image=\u00bbon\u00bb background_image=\u00bb@ET-DC@eyJkeW5hbWljIjp0cnVlLCJjb250ZW50IjoicG9zdF9mZWF0dXJlZF9pbWFnZSIsInNldHRpbmdzIjp7fX0=@\u00bb custom_margin=\u00bb0px||0px||false|false\u00bb custom_margin_tablet=\u00bb||100px||false|false\u00bb custom_margin_phone=\u00bb||90px||false|false\u00bb custom_margin_last_edited=\u00bboff|desktop\u00bb custom_padding=\u00bb300px||80px||false|false\u00bb custom_padding_tablet=\u00bb150px||64px||false|false\u00bb custom_padding_phone=\u00bb||40px||false|false\u00bb global_module=\u00bb188&#8243; saved_tabs=\u00bball\u00bb global_colors_info=\u00bb{}\u00bb][et_pb_row _builder_version=\u00bb4.21.0&#8243; _module_preset=\u00bbdefault\u00bb max_width=\u00bb980px\u00bb custom_margin=\u00bb0px||0px||false|false\u00bb custom_padding=\u00bb0px||0px||false|false\u00bb global_colors_info=\u00bb{}\u00bb][et_pb_column type=\u00bb4_4&#8243; _builder_version=\u00bb4.21.0&#8243; _module_preset=\u00bbdefault\u00bb global_colors_info=\u00bb{}\u00bb][et_pb_post_title meta=\u00bboff\u00bb featured_image=\u00bboff\u00bb text_color=\u00bblight\u00bb _builder_version=\u00bb4.23.4&#8243; _module_preset=\u00bbdefault\u00bb title_font=\u00bb|800|||||||\u00bb text_orientation=\u00bbcenter\u00bb global_colors_info=\u00bb{}\u00bb][\/et_pb_post_title][\/et_pb_column][\/et_pb_row][\/et_pb_section][et_pb_section fb_built=\u00bb1&#8243; _builder_version=\u00bb4.23.4&#8243; _module_preset=\u00bbdefault\u00bb custom_margin=\u00bb80px||120px||false|false\u00bb custom_margin_tablet=\u00bb64px||64px||false|false\u00bb custom_margin_phone=\u00bb40px||64px||false|false\u00bb custom_margin_last_edited=\u00bbon|phone\u00bb custom_padding=\u00bb0px||0px||false|false\u00bb global_colors_info=\u00bb{}\u00bb][et_pb_row _builder_version=\u00bb4.23.4&#8243; _module_preset=\u00bbdefault\u00bb max_width=\u00bb680px\u00bb custom_margin=\u00bb0px||64px||false|false\u00bb custom_padding=\u00bb0px||0px||false|false\u00bb global_colors_info=\u00bb{}\u00bb][et_pb_column type=\u00bb4_4&#8243; _builder_version=\u00bb4.23.4&#8243; _module_preset=\u00bbdefault\u00bb global_colors_info=\u00bb{}\u00bb][et_pb_text _builder_version=\u00bb4.23.4&#8243; _module_preset=\u00bbdefault\u00bb text_font=\u00bb|300||on|||||\u00bb text_text_color=\u00bb#E3021B\u00bb text_font_size=\u00bb1.2rem\u00bb text_orientation=\u00bbcenter\u00bb custom_margin=\u00bb0px||24px||false|false\u00bb custom_padding=\u00bb0px||0px||false|false\u00bb global_colors_info=\u00bb{}\u00bb]<\/p>\n<p>sobre nosotros<\/p>\n<p>[\/et_pb_text][et_pb_text _builder_version=\u00bb4.23.4&#8243; _module_preset=\u00bbdefault\u00bb text_font=\u00bb||||||||\u00bb text_text_color=\u00bb#4A4343&#8243; text_font_size=\u00bb1.3rem\u00bb text_orientation=\u00bbcenter\u00bb custom_margin=\u00bb0px||40px||false|false\u00bb custom_padding=\u00bb0px||0px||false|false\u00bb text_font_size_tablet=\u00bb1.2rem\u00bb text_font_size_phone=\u00bb1.1rem\u00bb text_font_size_last_edited=\u00bbon|phone\u00bb global_colors_info=\u00bb{}\u00bb]<\/p>\n<h2 class=\"subtitle-h4\">Tu taller de confianza en Ourense<\/h2>\n<p>Nuestro taller en Ourense es el lugar ideal para cuidar de tu veh\u00edculo y mantenerlo en perfectas condiciones.<\/p>\n<p>[\/et_pb_text][et_pb_button button_url=\u00bb@ET-DC@eyJkeW5hbWljIjp0cnVlLCJjb250ZW50IjoicG9zdF9saW5rX3VybF9wYWdlIiwic2V0dGluZ3MiOnsicG9zdF9pZCI6IjI4In19@\u00bb button_text=\u00bbPide cita\u00bb button_alignment=\u00bbcenter\u00bb _builder_version=\u00bb4.23.4&#8243; _dynamic_attributes=\u00bbbutton_url\u00bb _module_preset=\u00bbdefault\u00bb global_colors_info=\u00bb{}\u00bb][\/et_pb_button][\/et_pb_column][\/et_pb_row][\/et_pb_section][et_pb_section fb_built=\u00bb1&#8243; custom_padding_last_edited=\u00bbon|tablet\u00bb _builder_version=\u00bb4.23.4&#8243; _module_preset=\u00bbdefault\u00bb background_image=\u00bbhttps:\/\/talleresdemicar.es\/wp-content\/uploads\/2024\/02\/taller-coches-reparacion.jpg\u00bb custom_margin=\u00bb0px||120px||false|false\u00bb custom_margin_tablet=\u00bb||100px||false|false\u00bb custom_margin_phone=\u00bb||100px||false|false\u00bb custom_margin_last_edited=\u00bbon|tablet\u00bb custom_padding=\u00bb0px||0px||false|false\u00bb custom_padding_tablet=\u00bb250px||250px||true|false\u00bb custom_padding_phone=\u00bb250px||250px||true|false\u00bb global_colors_info=\u00bb{}\u00bb][et_pb_row column_structure=\u00bb1_2,1_2&#8243; use_custom_gutter=\u00bbon\u00bb gutter_width=\u00bb1&#8243; _builder_version=\u00bb4.23.4&#8243; _module_preset=\u00bbdefault\u00bb width=\u00bb100%\u00bb max_width=\u00bb100%\u00bb custom_margin=\u00bb0px||0px||false|false\u00bb custom_padding=\u00bb0px||0px||false|false\u00bb global_colors_info=\u00bb{}\u00bb][et_pb_column type=\u00bb1_2&#8243; _builder_version=\u00bb4.23.4&#8243; _module_preset=\u00bbdefault\u00bb background_color=\u00bbrgba(255,255,255,0.9)\u00bb custom_padding=\u00bb20vh|20vh|20vh|20vh|true|true\u00bb custom_padding_tablet=\u00bb24px|5vw|24px|5vw|true|true\u00bb custom_padding_phone=\u00bb24px|5vw|24px|5vw|true|true\u00bb custom_padding_last_edited=\u00bbon|tablet\u00bb global_colors_info=\u00bb{}\u00bb][et_pb_text _builder_version=\u00bb4.23.4&#8243; _module_preset=\u00bbdefault\u00bb text_font=\u00bb|300||on|||||\u00bb text_text_color=\u00bb#E3021B\u00bb text_font_size=\u00bb1.2rem\u00bb custom_margin=\u00bb0px||24px||false|false\u00bb custom_padding=\u00bb0px||0px||false|false\u00bb global_colors_info=\u00bb{}\u00bb]<\/p>\n<p>Nuestros profesionales<\/p>\n<p>[\/et_pb_text][et_pb_text _builder_version=\u00bb4.23.4&#8243; _module_preset=\u00bbdefault\u00bb custom_margin=\u00bb0px||64px||false|false\u00bb custom_padding=\u00bb0px||0px||false|false\u00bb global_colors_info=\u00bb{}\u00bb]<\/p>\n<h2 class=\"subtitle-h6\">Reparaci\u00f3n de veh\u00edculos<\/h2>\n<p>En nuestro taller, ofrecemos una amplia gama de servicios, que van desde cambios de aceite y neum\u00e1ticos, hasta reparaciones de motor y frenos. Utilizamos las \u00faltimas tecnolog\u00edas y herramientas para garantizar un servicio r\u00e1pido y eficiente.<\/p>\n<p>Adem\u00e1s, nos preocupamos por la calidad de nuestro trabajo y la satisfacci\u00f3n de nuestros clientes, por lo que siempre nos esforzamos por ofrecer un servicio personalizado y adaptado a las necesidades de cada veh\u00edculo.<\/p>\n<p>[\/et_pb_text][et_pb_button button_url=\u00bb@ET-DC@eyJkeW5hbWljIjp0cnVlLCJjb250ZW50IjoicG9zdF9saW5rX3VybF9wYWdlIiwic2V0dGluZ3MiOnsicG9zdF9pZCI6IjI2In19@\u00bb button_text=\u00bbVer servicios\u00bb _builder_version=\u00bb4.23.4&#8243; _dynamic_attributes=\u00bbbutton_url\u00bb _module_preset=\u00bbdefault\u00bb global_colors_info=\u00bb{}\u00bb][\/et_pb_button][\/et_pb_column][et_pb_column type=\u00bb1_2&#8243; disabled_on=\u00bbon|on|off\u00bb _builder_version=\u00bb4.23.4&#8243; _module_preset=\u00bbdefault\u00bb global_colors_info=\u00bb{}\u00bb][\/et_pb_column][\/et_pb_row][\/et_pb_section][et_pb_section fb_built=\u00bb1&#8243; _builder_version=\u00bb4.23.4&#8243; _module_preset=\u00bbdefault\u00bb custom_margin=\u00bb0px||120px||false|false\u00bb custom_padding=\u00bb0px||0px||false|false\u00bb global_colors_info=\u00bb{}\u00bb][et_pb_row column_structure=\u00bb1_4,1_2,1_4&#8243; _builder_version=\u00bb4.23.4&#8243; _module_preset=\u00bbdefault\u00bb custom_margin=\u00bb0px||0px||false|false\u00bb custom_padding=\u00bb0px||0px||false|false\u00bb hover_enabled=\u00bb0&#8243; global_colors_info=\u00bb{}\u00bb make_equal=\u00bbon\u00bb custom_css_main_element=\u00bbalign-items:center;\u00bb sticky_enabled=\u00bb0&#8243;][et_pb_column type=\u00bb1_4&#8243; disabled_on=\u00bbon|on|off\u00bb _builder_version=\u00bb4.23.4&#8243; _module_preset=\u00bbdefault\u00bb global_colors_info=\u00bb{}\u00bb][et_pb_image src=\u00bbhttps:\/\/talleresdemicar.es\/wp-content\/uploads\/2024\/02\/ruedas-taller-01.jpg\u00bb title_text=\u00bbsustituci\u00f3n ruedas\u00bb align=\u00bbcenter\u00bb _builder_version=\u00bb4.23.4&#8243; _module_preset=\u00bbdefault\u00bb global_colors_info=\u00bb{}\u00bb][\/et_pb_image][\/et_pb_column][et_pb_column type=\u00bb1_2&#8243; _builder_version=\u00bb4.23.4&#8243; _module_preset=\u00bbdefault\u00bb global_colors_info=\u00bb{}\u00bb][et_pb_text _builder_version=\u00bb4.23.4&#8243; _module_preset=\u00bbdefault\u00bb text_font=\u00bb|300||on|||||\u00bb text_text_color=\u00bb#E3021B\u00bb text_font_size=\u00bb1.2rem\u00bb custom_margin=\u00bb0px||24px||false|false\u00bb custom_padding=\u00bb0px||0px||false|false\u00bb hover_enabled=\u00bb0&#8243; global_colors_info=\u00bb{}\u00bb text_orientation=\u00bbcenter\u00bb sticky_enabled=\u00bb0&#8243;]<\/p>\n<p>Tu taller de confianza<\/p>\n<p>[\/et_pb_text][et_pb_text _builder_version=\u00bb4.23.4&#8243; _module_preset=\u00bbdefault\u00bb text_orientation=\u00bbcenter\u00bb global_colors_info=\u00bb{}\u00bb]<\/p>\n<h2 class=\"subtitle-h5\">Reparaci\u00f3n de veh\u00edculos<\/h2>\n<p>Contamos con un equipo de profesionales altamente cualificados y con experiencia en la reparaci\u00f3n y mantenimiento de todo tipo de veh\u00edculos, desde coches hasta camiones.<\/p>\n<p>[\/et_pb_text][et_pb_button button_url=\u00bbtel:+3488032232&#8243; button_text=\u00bbLl\u00e1manos al 988 032 232&#8243; button_alignment=\u00bbcenter\u00bb _builder_version=\u00bb4.23.4&#8243; _module_preset=\u00bbdefault\u00bb hover_enabled=\u00bb0&#8243; global_colors_info=\u00bb{}\u00bb url_new_window=\u00bbon\u00bb sticky_enabled=\u00bb0&#8243;][\/et_pb_button][\/et_pb_column][et_pb_column type=\u00bb1_4&#8243; disabled_on=\u00bbon|on|off\u00bb _builder_version=\u00bb4.23.4&#8243; _module_preset=\u00bbdefault\u00bb global_colors_info=\u00bb{}\u00bb][et_pb_image src=\u00bbhttps:\/\/talleresdemicar.es\/wp-content\/uploads\/2024\/02\/ruedas-taller-02.jpg\u00bb title_text=\u00bbsustituci\u00f3n ruedas\u00bb align=\u00bbcenter\u00bb _builder_version=\u00bb4.23.4&#8243; _module_preset=\u00bbdefault\u00bb global_colors_info=\u00bb{}\u00bb][\/et_pb_image][\/et_pb_column][\/et_pb_row][\/et_pb_section][et_pb_section fb_built=\u00bb1&#8243; _builder_version=\u00bb4.23.4&#8243; _module_preset=\u00bbdefault\u00bb custom_margin=\u00bb0px||0px||false|false\u00bb custom_padding=\u00bb0px||0px||false|false\u00bb global_module=\u00bb242&#8243; saved_tabs=\u00bball\u00bb global_colors_info=\u00bb{}\u00bb][et_pb_row column_structure=\u00bb1_2,1_2&#8243; make_equal=\u00bbon\u00bb _builder_version=\u00bb4.23.4&#8243; _module_preset=\u00bbdefault\u00bb background_color=\u00bbrgba(217,218,219,0.4)\u00bb width=\u00bb100%\u00bb max_width=\u00bb100%\u00bb custom_margin=\u00bb0px||0px||false|false\u00bb custom_padding=\u00bb0px||0px||false|false\u00bb global_colors_info=\u00bb{}\u00bb][et_pb_column type=\u00bb1_2&#8243; _builder_version=\u00bb4.23.4&#8243; _module_preset=\u00bbdefault\u00bb global_colors_info=\u00bb{}\u00bb][et_pb_image src=\u00bbhttps:\/\/talleresdemicar.es\/wp-content\/uploads\/2024\/02\/taller-coche-ourense.jpg\u00bb alt=\u00bbTaller de coche en San Cibrao\u00bb title_text=\u00bbtaller-coche-ourense\u00bb module_class=\u00bbimg-cover\u00bb _builder_version=\u00bb4.23.4&#8243; _module_preset=\u00bbdefault\u00bb global_colors_info=\u00bb{}\u00bb][\/et_pb_image][\/et_pb_column][et_pb_column type=\u00bb1_2&#8243; _builder_version=\u00bb4.23.4&#8243; _module_preset=\u00bbdefault\u00bb custom_padding=\u00bb2vw|15vw|2vw|2vw|true|false\u00bb custom_padding_tablet=\u00bb|5vw||5vw|true|true\u00bb custom_padding_phone=\u00bb|5vw||5vw|true|true\u00bb custom_padding_last_edited=\u00bbon|tablet\u00bb custom_css_main_element=\u00bbdisplay:flex;||flex-direction:column;||justify-content:center;\u00bb global_colors_info=\u00bb{}\u00bb][et_pb_text _builder_version=\u00bb4.23.4&#8243; _module_preset=\u00bbdefault\u00bb custom_margin=\u00bb0px||24px||false|false\u00bb custom_padding=\u00bb0px||0px||false|false\u00bb global_colors_info=\u00bb{}\u00bb]<\/p>\n<h2 class=\"subtitle-h6\">Contacto<\/h2>\n<p>\u00a1Conf\u00eda en nuestro taller mec\u00e1nico y deja tu coche en buenas manos! Cont\u00e1ctanos ahora para m\u00e1s informaci\u00f3n y concertar una cita.<\/p>\n<p>[\/et_pb_text][et_pb_code _builder_version=\u00bb4.23.4&#8243; _module_preset=\u00bbdefault\u00bb global_colors_info=\u00bb{}\u00bb]\n<div class=\"wpcf7 no-js\" id=\"wpcf7-f5-o1\" lang=\"es-ES\" dir=\"ltr\">\n<div class=\"screen-reader-response\"><p role=\"status\" aria-live=\"polite\" aria-atomic=\"true\"><\/p> <ul><\/ul><\/div>\n<form action=\"\/en\/wp-json\/wp\/v2\/pages\/27#wpcf7-f5-o1\" method=\"post\" class=\"wpcf7-form init\" aria-label=\"Formulario de contacto\" novalidate=\"novalidate\" data-status=\"init\" data-trp-original-action=\"\/en\/wp-json\/wp\/v2\/pages\/27#wpcf7-f5-o1\">\n<div style=\"display: none;\">\n<input type=\"hidden\" name=\"_wpcf7\" value=\"5\" \/>\n<input type=\"hidden\" name=\"_wpcf7_version\" value=\"5.8.6\" \/>\n<input type=\"hidden\" name=\"_wpcf7_locale\" value=\"es_ES\" \/>\n<input type=\"hidden\" name=\"_wpcf7_unit_tag\" value=\"wpcf7-f5-o1\" \/>\n<input type=\"hidden\" name=\"_wpcf7_container_post\" value=\"0\" \/>\n<input type=\"hidden\" name=\"_wpcf7_posted_data_hash\" value=\"\" \/>\n<\/div>\n<div class=\"wpcf7-response-output\" aria-hidden=\"true\"><\/div>\n<div class=\"row_inputs\">\n<fieldset class=\"col_inputs\"><label for=\"nombre\"><span class=\"wpcf7-form-control-wrap\" data-name=\"nombre\"><input size=\"40\" class=\"wpcf7-form-control wpcf7-text wpcf7-validates-as-required\" id=\"nombre\" aria-required=\"true\" aria-invalid=\"false\" placeholder=\"Nombre\" value=\"\" type=\"text\" name=\"nombre\" \/><\/span><\/label><\/fieldset>\n<\/div>\n\n<div class=\"row_inputs\">\n<fieldset class=\"col_inputs\"><label for=\"email\"><span class=\"wpcf7-form-control-wrap\" data-name=\"email\"><input size=\"40\" class=\"wpcf7-form-control wpcf7-email wpcf7-validates-as-required wpcf7-text wpcf7-validates-as-email\" id=\"email\" aria-required=\"true\" aria-invalid=\"false\" placeholder=\"Email\" value=\"\" type=\"email\" name=\"email\" \/><\/span><\/label><\/fieldset>\n<fieldset class=\"col_inputs\"><label for=\"telefono\"><span class=\"wpcf7-form-control-wrap\" data-name=\"telefono\"><input size=\"40\" class=\"wpcf7-form-control wpcf7-tel wpcf7-text wpcf7-validates-as-tel\" id=\"telefono\" aria-invalid=\"false\" placeholder=\"Tel\u00e9fono\" value=\"\" type=\"tel\" name=\"telefono\" \/><\/span><\/label><\/fieldset>\n<\/div>\n\n<div class=\"row_inputs\">\n<fieldset class=\"col_inputs\"><label for=\"mensaje\"><span class=\"wpcf7-form-control-wrap\" data-name=\"mensaje\"><textarea cols=\"40\" rows=\"4\" class=\"wpcf7-form-control wpcf7-textarea wpcf7-validates-as-required\" id=\"mensaje\" aria-required=\"true\" aria-invalid=\"false\" placeholder=\"Mensaje\" name=\"mensaje\"><\/textarea><\/span><\/label><\/fieldset>\n<\/div>\n\n<div class=\"row_inputs\">\n<fieldset class=\"col_inputs legal\"><label for=\"legal\"><span class=\"wpcf7-form-control-wrap\" data-name=\"legal\"><span class=\"wpcf7-form-control wpcf7-acceptance\"><span class=\"wpcf7-list-item\"><label><input type=\"checkbox\" name=\"legal\" value=\"1\" id=\"legal\" aria-invalid=\"false\" \/><span class=\"wpcf7-list-item-label\">He le\u00eddo y acepto el <strong><a target=\"_blank\" rel=\"nofollow noopener noreferrer\" href=\"https:\/\/talleresdemicar.es\/en\/aviso-legal\/\">Aviso Legal<\/a><\/strong> y la <strong><a target=\"_blank\" rel=\"nofollow noopener noreferrer\" href=\"https:\/\/talleresdemicar.es\/en\/politica-privacidad\/\">Pol\u00edtica de privacidad<\/a><\/strong><\/span><\/label><\/span><\/span><\/span><\/label><\/fieldset>\n<\/div>\n\n<div class=\"row_inputs\">\n<fieldset class=\"col_inputs\"><input class=\"wpcf7-form-control wpcf7-submit has-spinner\" type=\"submit\" value=\"Enviar\" \/><\/fieldset>\n<\/div>\n<input type=\"hidden\" name=\"trp-form-language\" value=\"en\"\/><\/form>\n<\/div>\n[\/et_pb_code][\/et_pb_column][\/et_pb_row][\/et_pb_section]<\/p>","protected":false},"excerpt":{"rendered":"<p>sobre nosotrosTu taller de confianza en Ourense Nuestro taller en Ourense es el lugar ideal para cuidar de tu veh\u00edculo y mantenerlo en perfectas condiciones.Nuestros profesionalesReparaci\u00f3n de veh\u00edculos En nuestro taller, ofrecemos una amplia gama de servicios, que van desde cambios de aceite y neum\u00e1ticos, hasta reparaciones de motor y frenos. Utilizamos las \u00faltimas tecnolog\u00edas [&hellip;]<\/p>","protected":false},"author":1,"featured_media":223,"parent":0,"menu_order":0,"comment_status":"closed","ping_status":"closed","template":"","meta":{"_et_pb_use_builder":"on","_et_pb_old_content":"","_et_gb_content_width":"","footnotes":""},"class_list":["post-27","page","type-page","status-publish","has-post-thumbnail","hentry"],"yoast_head":"<!-- This site is optimized with the Yoast SEO plugin v21.8.1 - https:\/\/yoast.com\/wordpress\/plugins\/seo\/ -->\n<title>Empresa - Talleres demicar<\/title>\n<meta name=\"robots\" content=\"index, follow, max-snippet:-1, max-image-preview:large, max-video-preview:-1\" \/>\n<link rel=\"canonical\" href=\"https:\/\/talleresdemicar.es\/en\/empresa\/\" \/>\n<meta property=\"og:locale\" content=\"en_US\" \/>\n<meta property=\"og:type\" content=\"article\" \/>\n<meta property=\"og:title\" content=\"Empresa - Talleres demicar\" \/>\n<meta property=\"og:description\" content=\"sobre nosotrosTu taller de confianza en Ourense Nuestro taller en Ourense es el lugar ideal para cuidar de tu veh\u00edculo y mantenerlo en perfectas condiciones.Nuestros profesionalesReparaci\u00f3n de veh\u00edculos En nuestro taller, ofrecemos una amplia gama de servicios, que van desde cambios de aceite y neum\u00e1ticos, hasta reparaciones de motor y frenos. Utilizamos las \u00faltimas tecnolog\u00edas [&hellip;]\" \/>\n<meta property=\"og:url\" content=\"https:\/\/talleresdemicar.es\/en\/empresa\/\" \/>\n<meta property=\"og:site_name\" content=\"Talleres demicar\" \/>\n<meta property=\"og:image\" content=\"https:\/\/talleresdemicar.es\/wp-content\/uploads\/2024\/02\/taller-demicar-ourense-servicios-reparacion-04.jpg\" \/>\n\t<meta property=\"og:image:width\" content=\"1920\" \/>\n\t<meta property=\"og:image:height\" content=\"650\" \/>\n\t<meta property=\"og:image:type\" content=\"image\/jpeg\" \/>\n<meta name=\"twitter:card\" content=\"summary_large_image\" \/>\n<meta name=\"twitter:label1\" content=\"Est. reading time\" \/>\n\t<meta name=\"twitter:data1\" content=\"2 minutes\" \/>\n<script type=\"application\/ld+json\" class=\"yoast-schema-graph\">{\"@context\":\"https:\/\/schema.org\",\"@graph\":[{\"@type\":\"WebPage\",\"@id\":\"https:\/\/talleresdemicar.es\/empresa\/\",\"url\":\"https:\/\/talleresdemicar.es\/empresa\/\",\"name\":\"Empresa - Talleres demicar\",\"isPartOf\":{\"@id\":\"https:\/\/talleresdemicar.es\/#website\"},\"datePublished\":\"2024-02-27T09:28:27+00:00\",\"dateModified\":\"2024-02-27T09:28:27+00:00\",\"breadcrumb\":{\"@id\":\"https:\/\/talleresdemicar.es\/empresa\/#breadcrumb\"},\"inLanguage\":\"en-US\",\"potentialAction\":[{\"@type\":\"ReadAction\",\"target\":[\"https:\/\/talleresdemicar.es\/empresa\/\"]}]},{\"@type\":\"BreadcrumbList\",\"@id\":\"https:\/\/talleresdemicar.es\/empresa\/#breadcrumb\",\"itemListElement\":[{\"@type\":\"ListItem\",\"position\":1,\"name\":\"Portada\",\"item\":\"https:\/\/talleresdemicar.es\/\"},{\"@type\":\"ListItem\",\"position\":2,\"name\":\"Empresa\"}]},{\"@type\":\"WebSite\",\"@id\":\"https:\/\/talleresdemicar.es\/#website\",\"url\":\"https:\/\/talleresdemicar.es\/\",\"name\":\"Talleres demicar\",\"description\":\"\",\"potentialAction\":[{\"@type\":\"SearchAction\",\"target\":{\"@type\":\"EntryPoint\",\"urlTemplate\":\"https:\/\/talleresdemicar.es\/?s={search_term_string}\"},\"query-input\":\"required name=search_term_string\"}],\"inLanguage\":\"en-US\"}]}<\/script>\n<!-- \/ Yoast SEO plugin. -->","yoast_head_json":{"title":"Empresa - Talleres demicar","robots":{"index":"index","follow":"follow","max-snippet":"max-snippet:-1","max-image-preview":"max-image-preview:large","max-video-preview":"max-video-preview:-1"},"canonical":"https:\/\/talleresdemicar.es\/en\/empresa\/","og_locale":"en_US","og_type":"article","og_title":"Empresa - Talleres demicar","og_description":"sobre nosotrosTu taller de confianza en Ourense Nuestro taller en Ourense es el lugar ideal para cuidar de tu veh\u00edculo y mantenerlo en perfectas condiciones.Nuestros profesionalesReparaci\u00f3n de veh\u00edculos En nuestro taller, ofrecemos una amplia gama de servicios, que van desde cambios de aceite y neum\u00e1ticos, hasta reparaciones de motor y frenos. Utilizamos las \u00faltimas tecnolog\u00edas [&hellip;]","og_url":"https:\/\/talleresdemicar.es\/en\/empresa\/","og_site_name":"Talleres demicar","og_image":[{"width":1920,"height":650,"url":"https:\/\/talleresdemicar.es\/wp-content\/uploads\/2024\/02\/taller-demicar-ourense-servicios-reparacion-04.jpg","type":"image\/jpeg"}],"twitter_card":"summary_large_image","twitter_misc":{"Est. reading time":"2 minutes"},"schema":{"@context":"https:\/\/schema.org","@graph":[{"@type":"WebPage","@id":"https:\/\/talleresdemicar.es\/empresa\/","url":"https:\/\/talleresdemicar.es\/empresa\/","name":"Empresa - Talleres demicar","isPartOf":{"@id":"https:\/\/talleresdemicar.es\/#website"},"datePublished":"2024-02-27T09:28:27+00:00","dateModified":"2024-02-27T09:28:27+00:00","breadcrumb":{"@id":"https:\/\/talleresdemicar.es\/empresa\/#breadcrumb"},"inLanguage":"en-US","potentialAction":[{"@type":"ReadAction","target":["https:\/\/talleresdemicar.es\/empresa\/"]}]},{"@type":"BreadcrumbList","@id":"https:\/\/talleresdemicar.es\/empresa\/#breadcrumb","itemListElement":[{"@type":"ListItem","position":1,"name":"Portada","item":"https:\/\/talleresdemicar.es\/"},{"@type":"ListItem","position":2,"name":"Empresa"}]},{"@type":"WebSite","@id":"https:\/\/talleresdemicar.es\/#website","url":"https:\/\/talleresdemicar.es\/","name":"Talleres demicar","description":"","potentialAction":[{"@type":"SearchAction","target":{"@type":"EntryPoint","urlTemplate":"https:\/\/talleresdemicar.es\/?s={search_term_string}"},"query-input":"required name=search_term_string"}],"inLanguage":"en-US"}]}},"_links":{"self":[{"href":"https:\/\/talleresdemicar.es\/en\/wp-json\/wp\/v2\/pages\/27","targetHints":{"allow":["GET"]}}],"collection":[{"href":"https:\/\/talleresdemicar.es\/en\/wp-json\/wp\/v2\/pages"}],"about":[{"href":"https:\/\/talleresdemicar.es\/en\/wp-json\/wp\/v2\/types\/page"}],"author":[{"embeddable":true,"href":"https:\/\/talleresdemicar.es\/en\/wp-json\/wp\/v2\/users\/1"}],"replies":[{"embeddable":true,"href":"https:\/\/talleresdemicar.es\/en\/wp-json\/wp\/v2\/comments?post=27"}],"version-history":[{"count":6,"href":"https:\/\/talleresdemicar.es\/en\/wp-json\/wp\/v2\/pages\/27\/revisions"}],"predecessor-version":[{"id":325,"href":"https:\/\/talleresdemicar.es\/en\/wp-json\/wp\/v2\/pages\/27\/revisions\/325"}],"wp:featuredmedia":[{"embeddable":true,"href":"https:\/\/talleresdemicar.es\/en\/wp-json\/wp\/v2\/media\/223"}],"wp:attachment":[{"href":"https:\/\/talleresdemicar.es\/en\/wp-json\/wp\/v2\/media?parent=27"}],"curies":[{"name":"wp","href":"https:\/\/api.w.org\/{rel}","templated":true}]}}